{"id":1768,"date":"2014-07-31T17:26:58","date_gmt":"2014-07-31T17:26:58","guid":{"rendered":"http:\/\/demo.stylishthemes.co\/roua\/?page_id=1768"},"modified":"2022-09-19T21:43:22","modified_gmt":"2022-09-19T19:43:22","slug":"uebermich","status":"publish","type":"page","link":"https:\/\/biglerkatja.ch\/wordpress\/uebermich\/","title":{"rendered":"\u00dcber mich"},"content":{"rendered":"<h6>\u00dcberzeugt?<\/h6>\n<p>Falls ich Ihr Interesse geweckt habe, w\u00fcrde ich mich \u00fcber ein pers\u00f6nliches Gespr\u00e4ch sehr freuen. Erreichen k\u00f6nnen Sie mich unter anderem unter:<\/p>\n<p><a href=\"mailto:katja.bigler@bluewin.ch\">katja.bigler[at]bluewin.ch<\/a><\/p>\n<div id=\"footer-wrap\"><\/div>\n","protected":false},"excerpt":{"rendered":"<p>\u00dcberzeugt? Falls ich Ihr Interesse geweckt habe, w\u00fcrde ich mich \u00fcber ein pers\u00f6nliches Gespr\u00e4ch sehr freuen. Erreichen k\u00f6nnen Sie mich unter anderem unter: katja.bigler[at]bluewin.ch<\/p>\n","protected":false},"author":2,"featured_media":2110,"parent":0,"menu_order":0,"comment_status":"open","ping_status":"closed","template":"template-aboutus.php","meta":{"jetpack_post_was_ever_published":false},"jetpack_sharing_enabled":false,"jetpack_shortlink":"https:\/\/wp.me\/P4VzgT-sw","_links":{"self":[{"href":"https:\/\/biglerkatja.ch\/wordpress\/wp-json\/wp\/v2\/pages\/1768"}],"collection":[{"href":"https:\/\/biglerkatja.ch\/wordpress\/wp-json\/wp\/v2\/pages"}],"about":[{"href":"https:\/\/biglerkatja.ch\/wordpress\/wp-json\/wp\/v2\/types\/page"}],"author":[{"embeddable":true,"href":"https:\/\/biglerkatja.ch\/wordpress\/wp-json\/wp\/v2\/users\/2"}],"replies":[{"embeddable":true,"href":"https:\/\/biglerkatja.ch\/wordpress\/wp-json\/wp\/v2\/comments?post=1768"}],"version-history":[{"count":5,"href":"https:\/\/biglerkatja.ch\/wordpress\/wp-json\/wp\/v2\/pages\/1768\/revisions"}],"predecessor-version":[{"id":2114,"href":"https:\/\/biglerkatja.ch\/wordpress\/wp-json\/wp\/v2\/pages\/1768\/revisions\/2114"}],"wp:featuredmedia":[{"embeddable":true,"href":"https:\/\/biglerkatja.ch\/wordpress\/wp-json\/wp\/v2\/media\/2110"}],"wp:attachment":[{"href":"https:\/\/biglerkatja.ch\/wordpress\/wp-json\/wp\/v2\/media?parent=1768"}],"curies":[{"name":"wp","href":"https:\/\/api.w.org\/{rel}","templated":true}]}}